{"id":310,"date":"2024-03-27T15:16:23","date_gmt":"2024-03-27T15:16:23","guid":{"rendered":"https:\/\/shelovesyouaya.shop\/?page_id=310"},"modified":"2024-04-25T13:47:54","modified_gmt":"2024-04-25T13:47:54","slug":"about-us","status":"publish","type":"page","link":"https:\/\/shelovesyouaya.shop\/es\/about-us\/","title":{"rendered":"SOBRE NOSOTROS"},"content":{"rendered":"<section class=\"section dark\" id=\"section_1265955324\">\n\t\t<div class=\"section-bg fill\" >\n\t\t\t<img fetchpriority=\"high\" decoding=\"async\" width=\"1009\" height=\"911\" src=\"https:\/\/shelovesyouaya.shop\/wp-content\/uploads\/2024\/04\/fonas.png\" class=\"bg attachment- size-\" alt=\"\" \/>\t\t\t\t\t\t\n\t\t\t\n\n\t\t<\/div>\n\n\t\t\n\n\t\t<div class=\"section-content relative\">\n\t\t\t\n\n<div class=\"row\"  id=\"row-1501553153\">\n\n\n\t<div id=\"col-1752599937\" class=\"col small-12 large-12\"  >\n\t\t\t\t<div class=\"col-inner\"  >\n\t\t\t\n\t\t\t\n\n\t<div id=\"stack-1130174129\" class=\"stack stack-row justify-between items-stretch\">\n\t\t\n\n\t<div id=\"text-849483682\" class=\"text\">\n\t\t\n\n<p><strong>VIAJE POR EL AMAZONAS<\/strong><\/p>\n\t\t\n<style>\n#text-849483682 {\n  font-size: 2rem;\n  line-height: 1.2;\n  color: rgb(0,0,0);\n}\n#text-849483682 > * {\n  color: rgb(0,0,0);\n}\n@media (min-width:550px) {\n  #text-849483682 {\n    line-height: 1.2;\n  }\n}\n<\/style>\n\t<\/div>\n\t\n\n\t\t\n<style>\n#stack-1130174129 > * {\n  --stack-gap: 0rem;\n}\n<\/style>\n\t<\/div>\n\t\n\n\t\t<\/div>\n\t\t\t\t\t<\/div>\n\n\t\n\n<\/div>\n<div class=\"row row-large\"  id=\"row-1422257445\">\n\n\n\t<div id=\"col-1655644476\" class=\"col medium-6 small-12 large-6\"  >\n\t\t\t\t<div class=\"col-inner\"  >\n\t\t\t\n\t\t\t\n\n\t<div id=\"text-293996776\" class=\"text\">\n\t\t\n\n<p>A trav\u00e9s de los vastos p\u00e1ramos, las rocas y las hierbas dobladas por el viento de los bosques de magnolias, me propuse embarcarme en el viaje m\u00e1s vibrante de mi vida, un esfuerzo que no anticip\u00e9 que alterar\u00eda por completo el curso de mi vida. La colosal selva del Amazonas, el crisol de ricas culturas, los pulmones de la Tierra, la pradera universal donde la Madre Naturaleza fomenta sus especies m\u00e1s preciadas, justo en el coraz\u00f3n de Per\u00fa, Sudam\u00e9rica, iba a ser mi hogar durante los pr\u00f3ximos meses. La fascinante experiencia que encender\u00eda una chispa de amor en lo m\u00e1s profundo de mi coraz\u00f3n me esperaba.<\/p>\n<p>El refugio donde la disonancia de mi mente y alma cesar\u00eda, y encontrar\u00eda paz, donde descubrir\u00eda y me har\u00eda uno con la Madre Ayahuasca; estaba en el coraz\u00f3n del h\u00e1bitat ecol\u00f3gico m\u00e1s grande del mundo, la exquisita selva amaz\u00f3nica.<\/p>\n<p>Extendi\u00e9ndose desde la densamente \u00e9tnica tierra de Brasil hasta el suelo de Per\u00fa y Bolivia, Ecuador, Colombia, Venezuela, Surinam, Guayana Francesa y Guayana, la Amazonia es responsable de hacer respirar a la Madre Tierra y, de la misma manera, insufl\u00f3 vida en mi cuerpo hueco uni\u00e9ndome con otra maravilla del mundo: la Divina Madre Ayahuasca. Aya insufla paz a este mundo, amargo y rancio debido a las malas pr\u00e1cticas del hombre.<\/p>\n<p> En los tiempos dif\u00edciles, el descubrimiento de la Madre Aya result\u00f3 ser una salvaci\u00f3n para m\u00ed y me tranquiliz\u00f3 eternamente. Mi viaje al Amazonas implic\u00f3 adem\u00e1s interactuar con las personas m\u00e1s encantadoras y amables de todo el mundo, cuyo aura acogedora y c\u00e1lida, cuya naturaleza inclusiva cambi\u00f3 mi perspectiva de la vida e ilumin\u00f3 mi mente con nuevas posibilidades e ideas. \u00bfQui\u00e9n habr\u00eda pensado que despu\u00e9s de hojear libros y sumergirme profundamente en mi propio coraz\u00f3n, finalmente encontrar\u00eda todas las respuestas a las b\u00fasquedas de mi vida y saciar\u00eda mi dosis de paz justo en el centro del exuberante pa\u00eds de Per\u00fa?<\/p>\n<p>Despu\u00e9s de tres ceremonias hechizantes de la Santa y Divina Madre Ayahuasca, me sent\u00ed un hombre diferente. Algo en m\u00ed cambi\u00f3 debido a la conexi\u00f3n con mi ser interior. A trav\u00e9s de la madre Aya, encontr\u00e9 el Arte en la intersecci\u00f3n de la Espiritualidad y las fuerzas Naturales. Cada ritual en el que particip\u00e9 fue m\u00e1s encantador y fascinante que el anterior, y a trav\u00e9s de esos episodios embriagadores, descubr\u00ed la epifan\u00eda de la felicidad y la alegr\u00eda en mi vida.<\/p>\n<p>El arte imaginado en esas ceremonias me hipnotiz\u00f3 profundamente y me inspir\u00f3 a tomar la iniciativa y difundir el mensaje de amor hacia la Madre Aya por todo el mundo. Con determinaci\u00f3n y una resoluci\u00f3n inquebrantable, decid\u00ed crear mi propia l\u00ednea de ropa con el nombre \u201cShe \u2013 Loves \u2013 You\u201d. La difusi\u00f3n del mensaje de Aya se produjo con facilidad ahora que hab\u00eda iniciado el lanzamiento de una marca de ropa. Adem\u00e1s, es, por decir lo menos, que no podr\u00eda haber hecho nada de eso, y SHE-LOVES-YOU nunca podr\u00eda haber surgido a la existencia si no fuera por el maravilloso amigo Don R\u2014\u2014- que encontr\u00e9 en Per\u00fa.<\/p>\n\t\t\n<style>\n#text-293996776 {\n  color: rgb(0,0,0);\n}\n#text-293996776 > * {\n  color: rgb(0,0,0);\n}\n<\/style>\n\t<\/div>\n\t\n\n\t\t<\/div>\n\t\t\t\t\t<\/div>\n\n\t\n\n\t<div id=\"col-388866528\" class=\"col medium-6 small-12 large-6\"  >\n\t\t\t\t<div class=\"col-inner\"  >\n\t\t\t\n\t\t\t\n\n\t<div id=\"text-902674712\" class=\"text\">\n\t\t\n\n<p>Decir que es un amigo ser\u00eda quedarse corto, porque es mucho m\u00e1s que eso. Don R. es amigo, artista, pintor, espiritualista, empresario, padre, esposo, hermano e hijo. Se viste de cada uno de sus papeles con una gracia inigualable.<\/p>\n<p>En un mundo donde la gente siempre tiene prisa y se identifica en funci\u00f3n de la exclusividad, \u00c9l me recibi\u00f3 en su casa, me hizo parte de ella y convirti\u00f3 mi viaje en una de las mejores experiencias de mi vida, y que s\u00e9 que no hubiera sido posible sin su hospitalidad eterna, su inclusi\u00f3n sin esfuerzo y su amor eterno.<\/p>\n<p>Mi viaje al Amazonas me ense\u00f1\u00f3 muchas cosas, y entre ellas estaba el significado de una palabra que ahora llevo muy cerca de la periferia de mi coraz\u00f3n: Apophenia: encontrar significado en lo ordinario, encontrar un prop\u00f3sito en lugares, personas y cosas en las que aparentemente no parece residir. Me dio una exposici\u00f3n sin igual, me hizo creer en m\u00ed misma y me proporcion\u00f3 una limpieza espiritual y una desintoxicaci\u00f3n consciente. Hay muchas cosas en la vida sobre las que soy indecisa, pero una cosa que s\u00ed s\u00e9 con certeza es que definitivamente volver\u00e9 a asistir a las ceremonias de Ayahuasca Madre por lo mucho que cambiaron mi vida.<\/p>\n<p>Despu\u00e9s de regresar a casa, en el Reino Unido, supe que faltaba algo y, despu\u00e9s de pensarlo y meditar mucho, me di cuenta de que mi coraz\u00f3n anhelaba recordarlo, todo mi viaje. D\u00eda a d\u00eda, todas las piezas del rompecabezas encajaban y le di una patada a She \u2013 Loves \u2013 You, la l\u00ednea de ropa. Le dio un prop\u00f3sito vigorizante a mi vida y me inculc\u00f3 un sentido del esp\u00edritu, el mismo que hab\u00eda experimentado en las ceremonias de la Madre Aya. Porque la Madre Aya es para todos, para amigos, c\u00f3nyuges, padres, desconocidos y similares, independientemente de los prejuicios de color, casta, credo y raza.<\/p>\n<p>Puse todo mi coraz\u00f3n y mi alma en mi marca, y el resultado fue una de las mejores opciones de moda disponibles en el mercado, con una fusi\u00f3n de espiritualidad rica y armon\u00eda de misticismo. Para conectarme con mis ra\u00edces m\u00e1s profundas, comenc\u00e9 a trabajar con mi amigo de Per\u00fa, quien contribuy\u00f3 con su arte, que luego se plasmar\u00eda en la ropa. Trabajando desde su estudio en casa en Per\u00fa, contin\u00faa contribuyendo al optimismo del mundo difundiendo el mensaje de la Madre Ayahuasca.<\/p>\n<p>Al utilizar algod\u00f3n org\u00e1nico y pinturas a base de agua respetuosas con el medio ambiente para la impresi\u00f3n en las camisetas y promover las prendas \u00e9tnicas, nos esforzamos por dejar un impacto positivo en el mundo al convertirlo en un mejor hogar para las generaciones venideras.<\/p>\n<p><em>ELLA TE AMA es para todos, y al compartir el mensaje de Aya a trav\u00e9s de un arte fascinante, quiero volver a presentar al mundo el mensaje centenario de paz, amor y armon\u00eda.<\/em><\/p>\n\t\t\n<style>\n#text-902674712 {\n  color: rgb(0,0,0);\n}\n#text-902674712 > * {\n  color: rgb(0,0,0);\n}\n<\/style>\n\t<\/div>\n\t\n\n\t\t<\/div>\n\t\t\t\t\t<\/div>\n\n\t\n\n<\/div>\n<div class=\"row\"  id=\"row-384517107\">\n\n\n\t<div id=\"col-2006618184\" class=\"col medium-6 small-12 large-6\"  >\n\t\t\t\t<div class=\"col-inner\"  >\n\t\t\t\n\t\t\t\n\n\t<div class=\"img has-hover x md-x lg-x y md-y lg-y\" id=\"image_768437232\">\n\t\t\t\t\t\t\t\t<div class=\"img-inner dark\" >\n\t\t\t<img decoding=\"async\" width=\"391\" height=\"364\" src=\"https:\/\/shelovesyouaya.shop\/wp-content\/uploads\/2024\/04\/About-you-She-loves-you.jpg\" class=\"attachment-large size-large\" alt=\"\" \/>\t\t\t\t\t\t\n\t\t\t\t\t<\/div>\n\t\t\t\t\t\t\t\t\n<style>\n#image_768437232 {\n  width: 100%;\n}\n<\/style>\n\t<\/div>\n\t\n\n\n\t\t<\/div>\n\t\t\t\t\t<\/div>\n\n\t\n\n\t<div id=\"col-1250682041\" class=\"col medium-6 small-12 large-6\"  >\n\t\t\t\t<div class=\"col-inner\"  >\n\t\t\t\n\t\t\t\n\n\t<div class=\"img has-hover x md-x lg-x y md-y lg-y\" id=\"image_1013395892\">\n\t\t\t\t\t\t\t\t<div class=\"img-inner dark\" >\n\t\t\t<img decoding=\"async\" width=\"624\" height=\"601\" src=\"https:\/\/shelovesyouaya.shop\/wp-content\/uploads\/2024\/04\/About-you-She-loves-you-2.jpg\" class=\"attachment-large size-large\" alt=\"\" srcset=\"https:\/\/shelovesyouaya.shop\/wp-content\/uploads\/2024\/04\/About-you-She-loves-you-2.jpg 624w, https:\/\/shelovesyouaya.shop\/wp-content\/uploads\/2024\/04\/About-you-She-loves-you-2-600x578.jpg 600w, https:\/\/shelovesyouaya.shop\/wp-content\/uploads\/2024\/04\/About-you-She-loves-you-2-415x400.jpg 415w\" sizes=\"(max-width: 624px) 100vw, 624px\" \/>\t\t\t\t\t\t\n\t\t\t\t\t<\/div>\n\t\t\t\t\t\t\t\t\n<style>\n#image_1013395892 {\n  width: 96.5%;\n}\n<\/style>\n\t<\/div>\n\t\n\n\n\t\t<\/div>\n\t\t\t\t\t<\/div>\n\n\t\n\n<\/div>\n\n\t\t<\/div>\n\n\t\t\n<style>\n#section_1265955324 {\n  padding-top: 50px;\n  padding-bottom: 50px;\n  background-color: #273647;\n}\n<\/style>\n\t<\/section>","protected":false},"excerpt":{"rendered":"","protected":false},"author":1,"featured_media":0,"parent":0,"menu_order":0,"comment_status":"closed","ping_status":"closed","template":"page-blank.php","meta":{"footnotes":""},"class_list":["post-310","page","type-page","status-publish","hentry"],"_links":{"self":[{"href":"https:\/\/shelovesyouaya.shop\/es\/wp-json\/wp\/v2\/pages\/310","targetHints":{"allow":["GET"]}}],"collection":[{"href":"https:\/\/shelovesyouaya.shop\/es\/wp-json\/wp\/v2\/pages"}],"about":[{"href":"https:\/\/shelovesyouaya.shop\/es\/wp-json\/wp\/v2\/types\/page"}],"author":[{"embeddable":true,"href":"https:\/\/shelovesyouaya.shop\/es\/wp-json\/wp\/v2\/users\/1"}],"replies":[{"embeddable":true,"href":"https:\/\/shelovesyouaya.shop\/es\/wp-json\/wp\/v2\/comments?post=310"}],"version-history":[{"count":10,"href":"https:\/\/shelovesyouaya.shop\/es\/wp-json\/wp\/v2\/pages\/310\/revisions"}],"predecessor-version":[{"id":520,"href":"https:\/\/shelovesyouaya.shop\/es\/wp-json\/wp\/v2\/pages\/310\/revisions\/520"}],"wp:attachment":[{"href":"https:\/\/shelovesyouaya.shop\/es\/wp-json\/wp\/v2\/media?parent=310"}],"curies":[{"name":"wp","href":"https:\/\/api.w.org\/{rel}","templated":true}]}}