{"id":359,"date":"2024-04-05T16:22:21","date_gmt":"2024-04-05T16:22:21","guid":{"rendered":"https:\/\/shelovesyouaya.shop\/?post_type=product&#038;p=359"},"modified":"2025-12-03T12:07:26","modified_gmt":"2025-12-03T12:07:26","slug":"cotton-carribean-blue-finish-t-shirt","status":"publish","type":"product","link":"https:\/\/shelovesyouaya.shop\/es\/producto\/cotton-carribean-blue-finish-t-shirt\/","title":{"rendered":"Camiseta de algod\u00f3n con acabado en azul caribe\u00f1o"},"content":{"rendered":"","protected":false},"excerpt":{"rendered":"<p>Camiseta de algod\u00f3n \u00fanica con dise\u00f1o en la parte delantera.<br \/>\nUnisex. Edici\u00f3n limitada.<\/p>\n<p>Puedes encontrar la gu\u00eda de tallas <span style=\"color: #808080;\"><a style=\"color: #808080;\" href=\"https:\/\/shelovesyouaya.shop\/es\/size-guide\/\">aqu\u00ed<\/a><\/span>.<\/p>\n<p>Si desea realizar una compra desde Europa por menos de \u00a3100, por favor <span style=\"color: #808080;\"><a style=\"color: #808080;\" href=\"https:\/\/shelovesyouaya.shop\/es\/contacts\/\">Cont\u00e1ctenos<\/a><\/span>.<\/p>","protected":false},"featured_media":360,"comment_status":"open","ping_status":"closed","template":"","meta":[],"product_brand":[],"product_cat":[63],"product_tag":[],"class_list":{"0":"post-359","1":"product","2":"type-product","3":"status-publish","4":"has-post-thumbnail","6":"product_cat-t-shirts","8":"first","9":"instock","10":"shipping-taxable","11":"purchasable","12":"product-type-variable"},"_links":{"self":[{"href":"https:\/\/shelovesyouaya.shop\/es\/wp-json\/wp\/v2\/product\/359","targetHints":{"allow":["GET"]}}],"collection":[{"href":"https:\/\/shelovesyouaya.shop\/es\/wp-json\/wp\/v2\/product"}],"about":[{"href":"https:\/\/shelovesyouaya.shop\/es\/wp-json\/wp\/v2\/types\/product"}],"replies":[{"embeddable":true,"href":"https:\/\/shelovesyouaya.shop\/es\/wp-json\/wp\/v2\/comments?post=359"}],"wp:featuredmedia":[{"embeddable":true,"href":"https:\/\/shelovesyouaya.shop\/es\/wp-json\/wp\/v2\/media\/360"}],"wp:attachment":[{"href":"https:\/\/shelovesyouaya.shop\/es\/wp-json\/wp\/v2\/media?parent=359"}],"wp:term":[{"taxonomy":"product_brand","embeddable":true,"href":"https:\/\/shelovesyouaya.shop\/es\/wp-json\/wp\/v2\/product_brand?post=359"},{"taxonomy":"product_cat","embeddable":true,"href":"https:\/\/shelovesyouaya.shop\/es\/wp-json\/wp\/v2\/product_cat?post=359"},{"taxonomy":"product_tag","embeddable":true,"href":"https:\/\/shelovesyouaya.shop\/es\/wp-json\/wp\/v2\/product_tag?post=359"}],"curies":[{"name":"wp","href":"https:\/\/api.w.org\/{rel}","templated":true}]}}