{"id":363,"date":"2024-04-05T16:23:34","date_gmt":"2024-04-05T16:23:34","guid":{"rendered":"https:\/\/shelovesyouaya.shop\/?post_type=product&#038;p=363"},"modified":"2025-04-08T12:00:00","modified_gmt":"2025-04-08T12:00:00","slug":"cotton-pink-finish-t-shirt","status":"publish","type":"product","link":"https:\/\/shelovesyouaya.shop\/es\/producto\/cotton-pink-finish-t-shirt\/","title":{"rendered":"Camiseta de algod\u00f3n con acabado rosa"},"content":{"rendered":"","protected":false},"excerpt":{"rendered":"<p>Camiseta de algod\u00f3n \u00fanica con dise\u00f1o en la parte delantera.<br \/>\nUnisex. Edici\u00f3n limitada.<\/p>\n<p>Puedes encontrar la gu\u00eda de tallas <span style=\"color: #808080;\"><a style=\"color: #808080;\" href=\"https:\/\/shelovesyouaya.shop\/es\/size-guide\/\">aqu\u00ed<\/a><\/span>.<\/p>\n<p>Si desea realizar una compra desde Europa por menos de \u00a3100, por favor <span style=\"color: #808080;\"><a style=\"color: #808080;\" href=\"https:\/\/shelovesyouaya.shop\/es\/contacts\/\">Cont\u00e1ctenos<\/a><\/span>.<\/p>","protected":false},"featured_media":364,"comment_status":"open","ping_status":"closed","template":"","meta":[],"product_brand":[],"product_cat":[63],"product_tag":[],"class_list":{"0":"post-363","1":"product","2":"type-product","3":"status-publish","4":"has-post-thumbnail","6":"product_cat-t-shirts","8":"first","9":"instock","10":"shipping-taxable","11":"purchasable","12":"product-type-variable"},"_links":{"self":[{"href":"https:\/\/shelovesyouaya.shop\/es\/wp-json\/wp\/v2\/product\/363","targetHints":{"allow":["GET"]}}],"collection":[{"href":"https:\/\/shelovesyouaya.shop\/es\/wp-json\/wp\/v2\/product"}],"about":[{"href":"https:\/\/shelovesyouaya.shop\/es\/wp-json\/wp\/v2\/types\/product"}],"replies":[{"embeddable":true,"href":"https:\/\/shelovesyouaya.shop\/es\/wp-json\/wp\/v2\/comments?post=363"}],"wp:featuredmedia":[{"embeddable":true,"href":"https:\/\/shelovesyouaya.shop\/es\/wp-json\/wp\/v2\/media\/364"}],"wp:attachment":[{"href":"https:\/\/shelovesyouaya.shop\/es\/wp-json\/wp\/v2\/media?parent=363"}],"wp:term":[{"taxonomy":"product_brand","embeddable":true,"href":"https:\/\/shelovesyouaya.shop\/es\/wp-json\/wp\/v2\/product_brand?post=363"},{"taxonomy":"product_cat","embeddable":true,"href":"https:\/\/shelovesyouaya.shop\/es\/wp-json\/wp\/v2\/product_cat?post=363"},{"taxonomy":"product_tag","embeddable":true,"href":"https:\/\/shelovesyouaya.shop\/es\/wp-json\/wp\/v2\/product_tag?post=363"}],"curies":[{"name":"wp","href":"https:\/\/api.w.org\/{rel}","templated":true}]}}